{"id":1190,"date":"2018-08-29T19:48:18","date_gmt":"2018-08-29T22:48:18","guid":{"rendered":"https:\/\/isfd55-bue.infd.edu.ar\/sitio\/25-aniversario\/"},"modified":"2021-08-27T18:58:43","modified_gmt":"2021-08-27T21:58:43","slug":"25-aniversario","status":"publish","type":"page","link":"https:\/\/isfd55-bue.infd.edu.ar\/sitio\/25-aniversario\/","title":{"rendered":"25 aniversario"},"content":{"rendered":"<p>Resoluci\u00f3n \u00a0N\u00ba 7344 de 1985 \u00abCreaci\u00f3n del Instituto\u00bb<\/p>\n<ul>\n<li>Se colocaron carteles en los lugares donde tenemos sedes.\u00a0<img decoding=\"async\" title=\"La sede del Instituto ya cuenta con el logo que nos simboliza.\" src=\"https:\/\/isfd55-bue.infd.edu.ar\/sitio\/wp-content\/uploads\/2018\/08\/placa_8_de_julio.jpg\" alt=\"La sede del Instituto ya cuenta con el logo que nos simboliza.\" border=\"0\" \/><\/li>\n<li>Se plant\u00f3 un \u00e1rbol en el terreno que tiene el instituto.<img decoding=\"async\" title=\"Este a\u00f1o y ante los festejos de los 25 a\u00f1os de creaci\u00f3n, se realiz\u00f3 una caminata desde la sede administrativa del ISFD y TN\u00b055 al Terreno donde se construir\u00e1 el edificio de nuestro instituto de formaci\u00f3n. All\u00ed se planto un \u00e1rbol que simboliza las plantas\" src=\"https:\/\/isfd55-bue.infd.edu.ar\/sitio\/wp-content\/uploads\/2018\/08\/Docentes_junto_al_arbol_caminata.jpg\" alt=\"Este a\u00f1o y ante los festejos de los 25 a\u00f1os de creaci\u00f3n, se realiz\u00f3 una caminata desde la sede administrativa del ISFD y TN\u00b055 al Terreno donde se construir\u00e1 el edificio de nuestro instituto de formaci\u00f3n. All\u00ed se planto un \u00e1rbol que simboliza las plantas\" border=\"0\" \/><\/li>\n<\/ul>\n<ul>\n<li>Se realiz\u00f3 una caminata con toda la comunidad educativa: estudiantes, docentes, ex-alumnos, personal no docente, y todos las personas que se acercaron a participar.<\/li>\n<\/ul>\n<p><a title=\"La caminata\" href=\"http:\/\/www.youtube.com\/watch?v=XcJjHRP0QLg\" target=\"_blank\" rel=\"noopener\"><img decoding=\"async\" style=\"display: block; margin-left: auto; margin-right: auto;\" title=\"V\u00eddeo compilando las mejores fotos de la caminata \" src=\"https:\/\/isfd55-bue.infd.edu.ar\/sitio\/wp-content\/uploads\/2018\/08\/Caminata.png\" alt=\"V\u00eddeo compilando las mejores fotos de la caminata \" border=\"0\" \/><\/a><\/p>\n<ul>\n<li>Se eligi\u00f3 el nombre del instituto.<\/li>\n<\/ul>\n<h1 style=\"padding-left: 90px;\">Todos por el Nombre<\/h1>\n<p style=\"padding-left: 90px;\">Muchos de nosotros nos preguntamos\u00a0<a title=\"Por qu\u00e9 un nombre\" href=\"upload\/Por_que_un_nombre.pdf\" target=\"_blank\" rel=\"noopener\">\u00bfPor qu\u00e9 un nombre?<\/a><\/p>\n<p style=\"padding-left: 90px;\">Y si ahora quieres saber algo m\u00e1s, aqu\u00ed tienes la informaci\u00f3n sobre los postulados que en la semana del 5 al 9 de septiembre podr\u00e1n ser electos por nuestra comunidad:<\/p>\n<ul>\n<li style=\"list-style-type: none;\">\n<ul>\n<li style=\"list-style-type: none;\">\n<ul>\n<li style=\"list-style-type: none;\">\n<ul>\n<li><a style=\"font-family: 'book antiqua', palatino; font-size: 10pt;\" title=\"Abuelas de Plaza de Mayo\" href=\"upload\/Abuelas_de_Plaza_de_Mayo.pdf\" target=\"_blank\" rel=\"noopener\">Abuelas de Plaza de Mayo<\/a><\/li>\n<li><a style=\"font-family: 'book antiqua', palatino; font-size: 10pt;\" title=\"Angela Peralta Pino\" href=\"upload\/ANGELA_PERALTA_PINO.pdf\" target=\"_blank\" rel=\"noopener\">\u00c1ngela Peralta Pino<\/a><\/li>\n<li><a style=\"font-family: 'book antiqua', palatino; font-size: 10pt;\" title=\"Elena Robertazo\" href=\"upload\/ELENA_ROBERTAZO.pdf\" target=\"_blank\" rel=\"noopener\">Elena Robertazo<\/a><\/li>\n<li><a style=\"font-family: 'book antiqua', palatino; font-size: 10pt;\" title=\"Ernesto S\u00e1bato\" href=\"upload\/ERNESTO_SABATO.pdf\" target=\"_blank\" rel=\"noopener\">Ernesto S\u00e1bato<\/a><\/li>\n<li><a style=\"font-family: 'book antiqua', palatino; font-size: 10pt;\" title=\"General Manuel Belgrano\" href=\"upload\/GENERAL_MANUEL_BELGRANO.pdf\" target=\"_blank\" rel=\"noopener\">General Manuel Belgrano<\/a><\/li>\n<li><a style=\"font-family: 'book antiqua', palatino; font-size: 10pt;\" title=\"Juana Elena Blanco\" href=\"upload\/JUANA_ELENA_BLANCO.pdf\" target=\"_blank\" rel=\"noopener\">Juana Elena Blanco<\/a><\/li>\n<li><a style=\"font-family: 'book antiqua', palatino; font-size: 10pt;\" title=\"Leticia Cosettini\" href=\"upload\/LETICIA_COSSETTINI.pdf\" target=\"_blank\" rel=\"noopener\">Leticia Cossettini<\/a><\/li>\n<li><a style=\"font-family: 'book antiqua', palatino; font-size: 10pt;\" title=\"Luis Fortunato Iglesias\" href=\"upload\/LUIS_FORTUNATO_IGLESIAS.pdf\" target=\"_blank\" rel=\"noopener\">Luis Fortunato Iglesias<\/a><\/li>\n<li><a style=\"font-family: 'book antiqua', palatino; font-size: 10pt;\" title=\"Mar\u00eda Cristina Betinotti\" href=\"upload\/MARIA_CRISTINA_BETINOTTI.pdf\" target=\"_blank\" rel=\"noopener\">Mar\u00eda Cristina Betinotti<\/a><\/li>\n<li><a style=\"font-family: 'book antiqua', palatino; font-size: 10pt;\" title=\"Mar\u00eda Teresa Ferrari de Gaudino\" href=\"upload\/MARIA_TERESA_FERRARI_DE_GAUDINO.pdf\" target=\"_blank\" rel=\"noopener\">Mar\u00eda Teresa Ferrari de Gaudino<\/a><\/li>\n<li><a style=\"font-family: 'book antiqua', palatino; font-size: 10pt;\" title=\"Matilde Filgueiras\" href=\"upload\/MATILDE_FILGUEIRAS.pdf\" target=\"_blank\" rel=\"noopener\">Matilde Filgueiras<\/a><\/li>\n<li><a style=\"font-family: 'book antiqua', palatino; font-size: 10pt;\" title=\"Pascual Ricardo Viudo\" href=\"upload\/Pascual_Ricardo_Viudo.pdf\" target=\"_blank\" rel=\"noopener\">Pascual Ricardo Viudo<\/a><\/li>\n<li><a style=\"font-family: 'book antiqua', palatino; font-size: 10pt;\" title=\"Paulo Freire\" href=\"upload\/PAULO_FREIRE.pdf\" target=\"_blank\" rel=\"noopener\">Paulo Freire<\/a><\/li>\n<li><a style=\"font-family: 'book antiqua', palatino; font-size: 10pt;\" title=\"Ram\u00f3n Enrique Gaviola\" href=\"upload\/RAMON_ENRIQUE_GAVIOLA.pdf\" target=\"_blank\" rel=\"noopener\">Ram\u00f3n Enrique Gaviola<\/a><\/li>\n<li><a style=\"font-family: 'book antiqua', palatino; font-size: 10pt;\" title=\"Rep\u00fablica Argentina\" href=\"upload\/Republica_Argentina.pdf\" target=\"_blank\" rel=\"noopener\">Rep\u00fablica Argentina<\/a><\/li>\n<li><a style=\"font-family: 'book antiqua', palatino; font-size: 10pt;\" title=\"Vicente Calder\u00f3n\" href=\"upload\/VICENTE_CALDERON.pdf\" target=\"_blank\" rel=\"noopener\">Vicente Calder\u00f3n<\/a><\/li>\n<\/ul>\n<\/li>\n<\/ul>\n<\/li>\n<\/ul>\n<\/li>\n<\/ul>\n<p style=\"padding-left: 90px;\">\n<ul>\n<li><span style=\"font-family: verdana, geneva; font-size: 12pt;\" data-mce-mark=\"1\">Se realiz\u00f3 el Congreso Educativo <em><strong>\u00ab<\/strong><\/em><a title=\"Congreso 2011\" href=\"index.cgi?wid_item=23&amp;wid_seccion=1\"><em><strong>La did\u00e1ctica en tensi\u00f3n:\u00a0Congreso La Did\u00e1ctica en Tensi\u00f3n: Pr\u00e1cticas de Ense\u00f1anza, Territorios y Sujetos\u00bb<\/strong><\/em>.\u00a0<\/a><\/span><a style=\"font-family: verdana, geneva; font-size: 12pt;\" title=\"Agenda Congreso\" href=\"index.cgi?wid_item=24&amp;wid_seccion=1\">Agenda<\/a>.<\/li>\n<\/ul>\n<ul>\n<li><span style=\"font-size: 12pt; font-family: verdana, geneva;\">Se realiz\u00f3 un concierto.\u00a0<\/span><img decoding=\"async\" loading=\"lazy\" src=\"https:\/\/isfd55-bue.infd.edu.ar\/sitio\/wp-content\/uploads\/2018\/08\/orquesta.png\" width=\"522\" height=\"367\" border=\"0\" \/><\/li>\n<\/ul>\n<p style=\"padding-left: 60px;\">\n<p><em><strong><a title=\"Todos por un Nombre\" href=\"index.cgi?wid_item=21&amp;wid_seccion=1\">\u00a0<\/a><\/strong><\/em><\/p>\n","protected":false},"excerpt":{"rendered":"<p>Resoluci\u00f3n \u00a0N\u00ba 7344 de 1985 \u00abCreaci\u00f3n del Instituto\u00bb Se colocaron carteles en los lugares donde tenemos sedes.\u00a0 Se plant\u00f3 un \u00e1rbol en el terreno que tiene el instituto. Se realiz\u00f3 una caminata con toda la comunidad educativa: estudiantes, docentes, ex-alumnos, personal no docente, y todos las personas que se acercaron a participar. Se eligi\u00f3 el &#8230; <a title=\"25 aniversario\" class=\"read-more\" href=\"https:\/\/isfd55-bue.infd.edu.ar\/sitio\/25-aniversario\/\" aria-label=\"More on 25 aniversario\">[+]<\/a><\/p>\n","protected":false},"author":1682,"featured_media":0,"parent":0,"menu_order":0,"comment_status":"closed","ping_status":"closed","template":"","meta":[],"acf":[],"_links":{"self":[{"href":"https:\/\/isfd55-bue.infd.edu.ar\/sitio\/wp-json\/wp\/v2\/pages\/1190"}],"collection":[{"href":"https:\/\/isfd55-bue.infd.edu.ar\/sitio\/wp-json\/wp\/v2\/pages"}],"about":[{"href":"https:\/\/isfd55-bue.infd.edu.ar\/sitio\/wp-json\/wp\/v2\/types\/page"}],"author":[{"embeddable":true,"href":"https:\/\/isfd55-bue.infd.edu.ar\/sitio\/wp-json\/wp\/v2\/users\/1682"}],"replies":[{"embeddable":true,"href":"https:\/\/isfd55-bue.infd.edu.ar\/sitio\/wp-json\/wp\/v2\/comments?post=1190"}],"version-history":[{"count":2,"href":"https:\/\/isfd55-bue.infd.edu.ar\/sitio\/wp-json\/wp\/v2\/pages\/1190\/revisions"}],"predecessor-version":[{"id":2455,"href":"https:\/\/isfd55-bue.infd.edu.ar\/sitio\/wp-json\/wp\/v2\/pages\/1190\/revisions\/2455"}],"wp:attachment":[{"href":"https:\/\/isfd55-bue.infd.edu.ar\/sitio\/wp-json\/wp\/v2\/media?parent=1190"}],"curies":[{"name":"wp","href":"https:\/\/api.w.org\/{rel}","templated":true}]}}