{"id":1243,"date":"2018-08-29T19:48:40","date_gmt":"2018-08-29T22:48:40","guid":{"rendered":"https:\/\/isfd55-bue.infd.edu.ar\/sitio\/curso-politicas-educativas-y-problematicas-pedagogicas\/"},"modified":"2018-08-29T19:48:40","modified_gmt":"2018-08-29T22:48:40","slug":"curso-politicas-educativas-y-problematicas-pedagogicas","status":"publish","type":"page","link":"https:\/\/isfd55-bue.infd.edu.ar\/sitio\/curso-politicas-educativas-y-problematicas-pedagogicas\/","title":{"rendered":"Curso: Pol\u00edticas educativas y problem\u00e1ticas pedag\u00f3gicas"},"content":{"rendered":"<p class=\"Titulo_resaltado\">Curso: Pol&iacute;ticas educativas y problem&aacute;ticas pedag&oacute;gicas<\/p>\n<p><a title=\"Curso: Pol&iacute;ticas educativas y problem&aacute;ticas pedag&oacute;gicas\" href=\"index.cgi?wid_news=80&amp;wAccion=news\">Informaci&oacute;n<\/a><\/p>\n<p style=\"text-align: justify;\"><span style=\"font-size: 10pt;\">El Instituto Superior de Formaci&ograve;n Docente y T&egrave;cnica N&ordm; 55 de Escobar, sede de la capacitaci&ograve;n: POLITICAS EDUCATIVAS Y PROBLEMATICAS PEDAGOGICAS. UNA INTERPRETACION A LAS PR&Agrave;CTICAS DESDE LA HISTORIA RECIENTE.<\/span><\/p>\n<p style=\"text-align: justify;\"><span style=\"font-size: 10pt;\">&nbsp;<\/span><\/p>\n<p style=\"text-align: justify;\"><span style=\"font-size: 10pt;\">El ISFDYT 55 de Escobar, cuya sede est&agrave; ubicada en las calles Belgrano y Estrada, de la ciudad de Bel&egrave;n de Escobar, est&agrave; siendo sede de la capacitaci&ograve;n: Pol&igrave;ticas educativas y problem&agrave;ticas pedag&ograve;gicas. Una interpelaci&ograve;n a las pr&agrave;cticas desde la historia reciente.<\/span><\/p>\n<p style=\"text-align: justify;\"><span style=\"font-size: 10pt;\">La capacitaci&ograve;n est&agrave; destinada a docentes del Nivel Superior, Directivos, Supervisores de todas las &agrave;reas.<\/span><\/p>\n<p style=\"text-align: justify;\"><span style=\"font-size: 10pt;\">La presente actividad se enmarca dentro del Programa Nacional de Formaci&oacute;n Permanente, en el componente 2, programa perteneciente al Ministerio de Educaci&oacute;n de la Naci&ograve;n.<\/span><\/p>\n<p style=\"text-align: justify;\"><span style=\"font-size: 10pt;\">En esta ocasi&oacute;n, es un honor para el ISFDT 55 ser sede de tan importante actividad.<\/span><\/p>\n<p style=\"text-align: justify;\"><span style=\"font-size: 10pt;\">Los docentes responsables son Alejandra Birgin, Pablo Pineau y Myriam Feldeber.<\/span><\/p>\n<p style=\"text-align: justify;\"><span style=\"font-size: 10pt;\">El curso est&agrave; centrado en la actualizaci&ograve;n acad&egrave;mica y en la ense&ntilde;anza en los campos de&nbsp; pedagog&iacute;a, historia, sociolog&iacute;a y politica educacional y est&agrave; dirigido a profesores, directores y supervisores.<\/span><\/p>\n<p style=\"text-align: justify;\"><span style=\"font-size: 10pt;\">Se propone como un espacio de transmisi&oacute;n, producci&oacute;n y debate entre colegas que interpele las pr&agrave;cticas docentes frente a los desaf&icirc;os actuales en materia de democratizaci&ograve;n del conocimiento e inclusi&oacute;n social y educativa.<\/span><\/p>\n<p style=\"text-align: justify;\"><span style=\"font-size: 10pt;\">Se busca promover la construcci&ograve;n de conocimiento compartido en espacio de trabajo tales como ateneos, talleres y armado de redes, desde una perspectia hist&ograve;rico &ndash; pol&igrave;tica centrada en el an&aacute;lisis de las problem&agrave;ticas que hoy estructuran la cuesti&oacute;n educativa en Am&egrave;rica Latina, y en particular en Argentina desde una perspectiva federal.<\/span><\/p>\n<p style=\"text-align: justify;\"><span style=\"font-size: 10pt;\">La propuesta general incluye tanto la revisi&ograve;n, profundizaci&ograve;n y ampliaci&oacute;n de los horizontes acad&egrave;micos de los temas en cuesti&oacute;n: inclusi&oacute;n y exclusi&oacute;n educativa a lo largo del tiempo, la&nbsp; problem&agrave;tica del Estado y su relaci&ograve;n con otros agentes y sujetos en la escuela.<\/span><\/p>\n<p style=\"text-align: justify;\"><span style=\"font-size: 10pt;\">El pr&ograve;ximo encuentro ser&agrave; el 12 de septiembre, en el ISFDYT 55.<\/span><\/p>\n<p style=\"text-align: justify;\"><span style=\"font-size: 10pt;\">Gracias Alejandra Birgin, Pablo Pineau y Myriam Feldeber por pensar en la comunidad docente de Escobar y por decidir llevar la actividad en nuestra instituci&oacute;n.<\/span><\/p>\n<p style=\"text-align: justify;\"><span style=\"font-size: 10pt;\">Equipo Directivo ISFDYT 55<\/span><\/p>\n<p style=\"text-align: justify;\"><span style=\"font-size: 10pt;\">Directora Lic Silvina Pissani<\/span><\/p>\n<p style=\"text-align: justify;\"><span style=\"font-size: 10pt;\">Secretaria: Prof Lilian Gonzalez.<\/span><\/p>\n<p style=\"text-align: justify;\"><span style=\"font-size: 10pt;\">Prof&nbsp; a cargo de Regente Lic Elvira Gomez<\/span><\/p>\n<p style=\"text-align: justify;\"><span style=\"font-size: 10pt;\">J. Area de Ed Primaria: Lic Emilce Dangelo.<\/span><\/p>\n<p style=\"text-align: justify;\"><span style=\"font-size: 10pt;\">&nbsp;<\/span><\/p>\n<p class=\"Resaltado2\">Seminario 15\/8\/15 a cargo de Pablo Pineau<\/p>\n<p class=\"Resaltado2\" style=\"text-align: center;\"><img decoding=\"async\" loading=\"lazy\" style=\"border: 0;\" src=\"https:\/\/fbcdn-sphotos-c-a.akamaihd.net\/hphotos-ak-xfp1\/v\/t1.0-9\/11903746_1078195892199655_4981000210896723357_n.jpg?oh=7f6623efa128c8bbb9492910e2da6ad0&amp;oe=56820B42&amp;__gda__=1451161362_5f94c7851817b6c7af5a41a88679891d\" border=\"0\" width=\"460\" height=\"320\"><\/p>\n<p class=\"Resaltado2\" style=\"text-align: center;\"><span class=\"Texto_arial\"><img decoding=\"async\" loading=\"lazy\" src=\"https:\/\/scontent-gru1-1.xx.fbcdn.net\/hphotos-xtf1\/v\/t1.0-9\/11863349_1078195902199654_2746872551500083410_n.jpg?oh=f8f0169d73867be1afccfa05cd33f5be&amp;oe=56818E11\" border=\"0\" width=\"460\" height=\"320\"><\/span><\/p>\n<p class=\"Resaltado2\"><img decoding=\"async\" loading=\"lazy\" style=\"display: block; margin-left: auto; margin-right: auto;\" src=\"https:\/\/scontent-gru1-1.xx.fbcdn.net\/hphotos-xtp1\/v\/t1.0-9\/11873539_1078195925532985_7473607590678605177_n.jpg?oh=32fc6af3b7ece4a2e0b9be14a1e85ab9&amp;oe=5678ECFA\" border=\"0\" width=\"460\" height=\"320\"><\/p><\/p>\n","protected":false},"excerpt":{"rendered":"<p>Curso: Pol&iacute;ticas educativas y problem&aacute;ticas pedag&oacute;gicas Informaci&oacute;n El Instituto Superior de Formaci&ograve;n Docente y T&egrave;cnica N&ordm; 55 de Escobar, sede de la capacitaci&ograve;n: POLITICAS EDUCATIVAS Y PROBLEMATICAS PEDAGOGICAS. UNA INTERPRETACION A LAS PR&Agrave;CTICAS DESDE LA HISTORIA RECIENTE. &nbsp; El ISFDYT 55 de Escobar, cuya sede est&agrave; ubicada en las calles Belgrano y Estrada, de la &#8230; <a title=\"Curso: Pol\u00edticas educativas y problem\u00e1ticas pedag\u00f3gicas\" class=\"read-more\" href=\"https:\/\/isfd55-bue.infd.edu.ar\/sitio\/curso-politicas-educativas-y-problematicas-pedagogicas\/\" aria-label=\"More on Curso: Pol\u00edticas educativas y problem\u00e1ticas pedag\u00f3gicas\">[+]<\/a><\/p>\n","protected":false},"author":1682,"featured_media":0,"parent":0,"menu_order":0,"comment_status":"closed","ping_status":"closed","template":"","meta":[],"acf":[],"_links":{"self":[{"href":"https:\/\/isfd55-bue.infd.edu.ar\/sitio\/wp-json\/wp\/v2\/pages\/1243"}],"collection":[{"href":"https:\/\/isfd55-bue.infd.edu.ar\/sitio\/wp-json\/wp\/v2\/pages"}],"about":[{"href":"https:\/\/isfd55-bue.infd.edu.ar\/sitio\/wp-json\/wp\/v2\/types\/page"}],"author":[{"embeddable":true,"href":"https:\/\/isfd55-bue.infd.edu.ar\/sitio\/wp-json\/wp\/v2\/users\/1682"}],"replies":[{"embeddable":true,"href":"https:\/\/isfd55-bue.infd.edu.ar\/sitio\/wp-json\/wp\/v2\/comments?post=1243"}],"version-history":[{"count":0,"href":"https:\/\/isfd55-bue.infd.edu.ar\/sitio\/wp-json\/wp\/v2\/pages\/1243\/revisions"}],"wp:attachment":[{"href":"https:\/\/isfd55-bue.infd.edu.ar\/sitio\/wp-json\/wp\/v2\/media?parent=1243"}],"curies":[{"name":"wp","href":"https:\/\/api.w.org\/{rel}","templated":true}]}}