{"id":1251,"date":"2018-08-29T19:48:43","date_gmt":"2018-08-29T22:48:43","guid":{"rendered":"https:\/\/isfd55-bue.infd.edu.ar\/sitio\/inicial\/"},"modified":"2022-03-28T17:25:35","modified_gmt":"2022-03-28T20:25:35","slug":"inicial","status":"publish","type":"page","link":"https:\/\/isfd55-bue.infd.edu.ar\/sitio\/inicial\/","title":{"rendered":"Inicial"},"content":{"rendered":"<h3 style=\"text-align: center;\">Inscripci\u00f3n para Libres<\/h3>\n<p>PODR\u00c1 INSCRIBIRSE A EX\u00c1MEN LIBRE SIEMPRE QUE SE ENCUENTRE INSCRIPTO EN LA CURSADA 2021 Y CURSE AL MENOS UNA MATERIA COMO REGULAR. PODR\u00c1 ANOTARSE AL 30% DEL TOTAL DE MATERIAS QUE DESEA CURSAR EN EL A\u00d1O.<\/p>\n<p><b>NO\u00a0<\/b>SE PUEDEN RENDIR EN CONDICI\u00d3N DE LIBRE LOS TALLERES, EDI, PR\u00c1CTICAS Y ATENEOS.<\/p>\n<div><\/div>\n<div style=\"text-align: center;\"><strong>ANTES DE INSCRIBIRSE TENGA EN CUENTA EL R\u00c9GIMEN DE CORRELATIVIDADES<\/strong><\/div>\n<div><\/div>\n<div><\/div>\n<div><img decoding=\"async\" loading=\"lazy\" class=\"aligncenter\" src=\"https:\/\/marketinglibelula.com\/wp-content\/uploads\/2015\/12\/FLECHAS.png\" alt=\"Agust\u00edn Grau (Crea infoproductos y genera ingresos pasivos)\" width=\"326\" height=\"174\" \/><\/div>\n<h4 style=\"text-align: center;\"><a href=\"https:\/\/docs.google.com\/forms\/d\/e\/1FAIpQLSfM767rdCdG51mb0hvAeF9Gu2MqxnVrkLHRgP9iIXBM_-ZYQA\/viewform\">Formulario<\/a><\/h4>\n<p style=\"text-align: center;\">ESTA INSCRIPCI\u00d3N HABILITA PARA RENDIR EN EL 1\u00b0 LLAMADO DE NOV-DICIEMBRE 2021 Y FEB-MARZO 2022.<\/p>\n<h3 style=\"text-align: center;\">Correo de consultas:\u00a0<a href=\"mailto:consultas.prof.inicial55@gmail.com\" target=\"_blank\" rel=\"noopener\">consultas.prof.inicial55@<wbr \/>gmail.com<\/a><\/h3>\n<div><\/div>\n<div>\n<div>\n<div class=\"gmail_default\"><\/div>\n<\/div>\n<\/div>\n","protected":false},"excerpt":{"rendered":"<p>Inscripci\u00f3n para Libres PODR\u00c1 INSCRIBIRSE A EX\u00c1MEN LIBRE SIEMPRE QUE SE ENCUENTRE INSCRIPTO EN LA CURSADA 2021 Y CURSE AL MENOS UNA MATERIA COMO REGULAR. PODR\u00c1 ANOTARSE AL 30% DEL TOTAL DE MATERIAS QUE DESEA CURSAR EN EL A\u00d1O. NO\u00a0SE PUEDEN RENDIR EN CONDICI\u00d3N DE LIBRE LOS TALLERES, EDI, PR\u00c1CTICAS Y ATENEOS. ANTES DE INSCRIBIRSE &#8230; <a title=\"Inicial\" class=\"read-more\" href=\"https:\/\/isfd55-bue.infd.edu.ar\/sitio\/inicial\/\" aria-label=\"More on Inicial\">[+]<\/a><\/p>\n","protected":false},"author":1682,"featured_media":0,"parent":0,"menu_order":0,"comment_status":"closed","ping_status":"closed","template":"","meta":[],"acf":[],"_links":{"self":[{"href":"https:\/\/isfd55-bue.infd.edu.ar\/sitio\/wp-json\/wp\/v2\/pages\/1251"}],"collection":[{"href":"https:\/\/isfd55-bue.infd.edu.ar\/sitio\/wp-json\/wp\/v2\/pages"}],"about":[{"href":"https:\/\/isfd55-bue.infd.edu.ar\/sitio\/wp-json\/wp\/v2\/types\/page"}],"author":[{"embeddable":true,"href":"https:\/\/isfd55-bue.infd.edu.ar\/sitio\/wp-json\/wp\/v2\/users\/1682"}],"replies":[{"embeddable":true,"href":"https:\/\/isfd55-bue.infd.edu.ar\/sitio\/wp-json\/wp\/v2\/comments?post=1251"}],"version-history":[{"count":70,"href":"https:\/\/isfd55-bue.infd.edu.ar\/sitio\/wp-json\/wp\/v2\/pages\/1251\/revisions"}],"predecessor-version":[{"id":2623,"href":"https:\/\/isfd55-bue.infd.edu.ar\/sitio\/wp-json\/wp\/v2\/pages\/1251\/revisions\/2623"}],"wp:attachment":[{"href":"https:\/\/isfd55-bue.infd.edu.ar\/sitio\/wp-json\/wp\/v2\/media?parent=1251"}],"curies":[{"name":"wp","href":"https:\/\/api.w.org\/{rel}","templated":true}]}}