{"id":1253,"date":"2018-08-29T19:48:43","date_gmt":"2018-08-29T22:48:43","guid":{"rendered":"https:\/\/isfd55-bue.infd.edu.ar\/sitio\/matematica\/"},"modified":"2022-03-28T17:25:48","modified_gmt":"2022-03-28T20:25:48","slug":"matematica","status":"publish","type":"page","link":"https:\/\/isfd55-bue.infd.edu.ar\/sitio\/matematica\/","title":{"rendered":"Matem\u00e1tica"},"content":{"rendered":"<h2 style=\"text-align: center;\">Inscripciones<\/h2>\n<p><img decoding=\"async\" loading=\"lazy\" class=\"wp-image-2409 aligncenter\" src=\"https:\/\/isfd55-bue.infd.edu.ar\/sitio\/wp-content\/uploads\/2021\/05\/FLECHAS-3.gif\" alt=\"\" width=\"217\" height=\"116\" \/><\/p>\n<h3 style=\"text-align: center;\"><a href=\"https:\/\/docs.google.com\/forms\/d\/1s5QCI2R8KX1LjJLHmqo0uPSFX2kf_FfHNvJVKQ4EBK0\/edit?usp=sharing\">LIBRES<\/a><\/h3>\n<h3 style=\"text-align: center;\"><a href=\"https:\/\/docs.google.com\/forms\/d\/1--nLOVehDefHdS3rlMiZXts06W4LdkJ8-qYyK1u0zL0\/edit?usp=sharing\">EQUIVALENCIAS<\/a><\/h3>\n<h3 style=\"text-align: left;\">Importante:<\/h3>\n<ul>\n<li style=\"text-align: left;\"><a href=\"https:\/\/isfd55-bue.infd.edu.ar\/sitio\/wp-content\/uploads\/2021\/05\/INDICACIONES-PARA-equivalencias.pdf\">INDICACIONES-PARA equivalencias<\/a><\/li>\n<li><a href=\"https:\/\/isfd55-bue.infd.edu.ar\/sitio\/wp-content\/uploads\/2021\/05\/PLANILLA-SOLICITUD-EQUIVALENCIA-1.xlsx\">PLANILLA SOLICITUD EQUIVALENCIA<\/a><\/li>\n<li><strong>Alumnos del plan viejo que deban rendir computaci\u00f3n, esta materia ser\u00e1 rendida en condici\u00f3n de libre sin la necesidad de anotarse.\u00a0<\/strong><\/li>\n<\/ul>\n<h3 style=\"text-align: center;\">Consultas\u00a0<a href=\"mailto:isfd55.dpto.matematica@gmail.com\">isfd55.dpto.matematica@gmail.com<\/a><\/h3>\n<hr \/>\n<p><strong><span style=\"color: #ff0000;\">\u00a1Nuevo!<\/span> Para todos los alumnos de 3\u00b0 y 4\u00b0 A\u00d1O que cursan en el PLAN VIEJO:\u00a0<\/strong><\/p>\n<p><a href=\"https:\/\/docs.google.com\/forms\/d\/e\/1FAIpQLSd6FdA9DCub175toLllvNxuIBosnu33-E7WQ3yprt5eJ_3OMQ\/viewform\">FORMULARIO RELEVAMIENTO<\/a><\/p>\n<p><a href=\"https:\/\/isfd55-bue.infd.edu.ar\/sitio\/wp-content\/uploads\/2021\/04\/INDICACIONES-PARA-CUMPLIMENTAR-LAS-PLANILLAS.docx\">INDICACIONES PARA CUMPLIMENTAR LAS PLANILLAS<\/a><\/p>\n<p><a href=\"https:\/\/isfd55-bue.infd.edu.ar\/sitio\/wp-content\/uploads\/2021\/04\/PLANILLA-DE-DATOS-3.xlsx\">PLANILLA DE DATOS<\/a><\/p>\n<p><a href=\"https:\/\/isfd55-bue.infd.edu.ar\/sitio\/wp-content\/uploads\/2021\/04\/PLANILLA-DE-SALUD-2.xlsx\">PLANILLA DE SALUD<\/a><\/p>\n<hr \/>\n","protected":false},"excerpt":{"rendered":"<p>Inscripciones LIBRES EQUIVALENCIAS Importante: INDICACIONES-PARA equivalencias PLANILLA SOLICITUD EQUIVALENCIA Alumnos del plan viejo que deban rendir computaci\u00f3n, esta materia ser\u00e1 rendida en condici\u00f3n de libre sin la necesidad de anotarse.\u00a0 Consultas\u00a0isfd55.dpto.matematica@gmail.com \u00a1Nuevo! Para todos los alumnos de 3\u00b0 y 4\u00b0 A\u00d1O que cursan en el PLAN VIEJO:\u00a0 FORMULARIO RELEVAMIENTO INDICACIONES PARA CUMPLIMENTAR LAS PLANILLAS PLANILLA &#8230; <a title=\"Matem\u00e1tica\" class=\"read-more\" href=\"https:\/\/isfd55-bue.infd.edu.ar\/sitio\/matematica\/\" aria-label=\"More on Matem\u00e1tica\">[+]<\/a><\/p>\n","protected":false},"author":1682,"featured_media":0,"parent":0,"menu_order":0,"comment_status":"closed","ping_status":"closed","template":"","meta":[],"acf":[],"_links":{"self":[{"href":"https:\/\/isfd55-bue.infd.edu.ar\/sitio\/wp-json\/wp\/v2\/pages\/1253"}],"collection":[{"href":"https:\/\/isfd55-bue.infd.edu.ar\/sitio\/wp-json\/wp\/v2\/pages"}],"about":[{"href":"https:\/\/isfd55-bue.infd.edu.ar\/sitio\/wp-json\/wp\/v2\/types\/page"}],"author":[{"embeddable":true,"href":"https:\/\/isfd55-bue.infd.edu.ar\/sitio\/wp-json\/wp\/v2\/users\/1682"}],"replies":[{"embeddable":true,"href":"https:\/\/isfd55-bue.infd.edu.ar\/sitio\/wp-json\/wp\/v2\/comments?post=1253"}],"version-history":[{"count":69,"href":"https:\/\/isfd55-bue.infd.edu.ar\/sitio\/wp-json\/wp\/v2\/pages\/1253\/revisions"}],"predecessor-version":[{"id":2624,"href":"https:\/\/isfd55-bue.infd.edu.ar\/sitio\/wp-json\/wp\/v2\/pages\/1253\/revisions\/2624"}],"wp:attachment":[{"href":"https:\/\/isfd55-bue.infd.edu.ar\/sitio\/wp-json\/wp\/v2\/media?parent=1253"}],"curies":[{"name":"wp","href":"https:\/\/api.w.org\/{rel}","templated":true}]}}