{"id":1301,"date":"2018-08-29T19:48:59","date_gmt":"2018-08-29T22:48:59","guid":{"rendered":"https:\/\/isfd55-bue.infd.edu.ar\/sitio\/actividad-de-extension-de-la-catedra-didactica-especial-de-la-psicologia-de-la-uba-en-el-instituto\/"},"modified":"2018-08-29T19:48:59","modified_gmt":"2018-08-29T22:48:59","slug":"actividad-de-extension-de-la-catedra-didactica-especial-de-la-psicologia-de-la-uba-en-el-instituto","status":"publish","type":"page","link":"https:\/\/isfd55-bue.infd.edu.ar\/sitio\/actividad-de-extension-de-la-catedra-didactica-especial-de-la-psicologia-de-la-uba-en-el-instituto\/","title":{"rendered":"Actividad de extensi\u00f3n de la C\u00e1tedra Did\u00e1ctica Especial de la Psicolog\u00eda de la UBA en el Instituto"},"content":{"rendered":"<div class=\"Titulo_resaltado\">\u00abActividad de extensi&oacute;n de la C&aacute;tedra Did&aacute;ctica Especial de la Psicolog&iacute;a de la UBA en el Instituto\u00bb. Taller sobre \u00abGrupos y grupalidad\u00bb a cargo de los profesores Carlos Marano y Dalila Sans&oacute;n.<\/p>\n<p class=\"Titulo_resaltado\">&nbsp;<span class=\"Texto_arial\"><img decoding=\"async\" src=\"https:\/\/isfd55-bue.infd.edu.ar\/sitio\/wp-content\/uploads\/2018\/08\/IMG-20160827-WA0020.jpg\" border=\"0\"><\/span><\/p>\n<p class=\"Titulo_resaltado\"><span class=\"Texto_arial\"><img decoding=\"async\" src=\"https:\/\/isfd55-bue.infd.edu.ar\/sitio\/wp-content\/uploads\/2018\/08\/IMG-20160827-WA0021.jpg\" border=\"0\"><\/span><\/p>\n<\/div>\n","protected":false},"excerpt":{"rendered":"<p>\u00abActividad de extensi&oacute;n de la C&aacute;tedra Did&aacute;ctica Especial de la Psicolog&iacute;a de la UBA en el Instituto\u00bb. Taller sobre \u00abGrupos y grupalidad\u00bb a cargo de los profesores Carlos Marano y Dalila Sans&oacute;n. &nbsp;<\/p>\n","protected":false},"author":1682,"featured_media":0,"parent":0,"menu_order":0,"comment_status":"closed","ping_status":"closed","template":"","meta":[],"acf":[],"_links":{"self":[{"href":"https:\/\/isfd55-bue.infd.edu.ar\/sitio\/wp-json\/wp\/v2\/pages\/1301"}],"collection":[{"href":"https:\/\/isfd55-bue.infd.edu.ar\/sitio\/wp-json\/wp\/v2\/pages"}],"about":[{"href":"https:\/\/isfd55-bue.infd.edu.ar\/sitio\/wp-json\/wp\/v2\/types\/page"}],"author":[{"embeddable":true,"href":"https:\/\/isfd55-bue.infd.edu.ar\/sitio\/wp-json\/wp\/v2\/users\/1682"}],"replies":[{"embeddable":true,"href":"https:\/\/isfd55-bue.infd.edu.ar\/sitio\/wp-json\/wp\/v2\/comments?post=1301"}],"version-history":[{"count":0,"href":"https:\/\/isfd55-bue.infd.edu.ar\/sitio\/wp-json\/wp\/v2\/pages\/1301\/revisions"}],"wp:attachment":[{"href":"https:\/\/isfd55-bue.infd.edu.ar\/sitio\/wp-json\/wp\/v2\/media?parent=1301"}],"curies":[{"name":"wp","href":"https:\/\/api.w.org\/{rel}","templated":true}]}}