{"id":286,"date":"2016-10-31T13:17:59","date_gmt":"2016-10-31T16:17:59","guid":{"rendered":"https:\/\/isfd55-bue.infd.edu.ar\/sitio\/?page_id=286"},"modified":"2026-02-20T10:13:59","modified_gmt":"2026-02-20T13:13:59","slug":"inicio","status":"publish","type":"page","link":"https:\/\/isfd55-bue.infd.edu.ar\/sitio\/","title":{"rendered":"Inicio"},"content":{"rendered":"\n<h3 class=\"wp-block-heading\">&nbsp;&nbsp;<\/h3>\n\n\n\n<h3 class=\"wp-block-heading has-text-align-center\">Instituto Superior de Formaci\u00f3n Docente y T\u00e9cnica N\u00ba55<\/h3>\n\n\n\n<h4 class=\"wp-block-heading has-text-align-center\"><span style=\"color: #008000;\">1986-2026<\/span><\/h4>\n\n\n\n<p class=\"has-text-align-center\"><em>40\u00b0 A\u00f1os de Educaci\u00f3n Superior en el Partido de Escobar, formando docentes y t\u00e9cnicos<\/em><\/p>\n\n\n<div class=\"wp-block-image\">\n<figure class=\"aligncenter\"><img decoding=\"async\" loading=\"lazy\" width=\"469\" height=\"724\" src=\"https:\/\/isfd55-bue.infd.edu.ar\/sitio\/wp-content\/uploads\/2022\/10\/logo-ISFD55_WEB.png\" alt=\"\" class=\"wp-image-2937\"\/><\/figure><\/div>\n\n\n<p><br><\/p>\n\n\n\n<h2 class=\"wp-block-heading has-text-align-center\">&#x1f4e3; &#x2757;Atenci\u00f3n Apertura 2026 de Nuevas Vacantes &#x2757;&#x1f4e3;<\/h2>\n\n\n\n<p class=\"has-text-align-center has-medium-font-size\"><strong>Veni a estudiar al 55, inscribite ya ingresando a los links habilitados para<\/strong>: <\/p>\n\n\n\n<p class=\"has-text-align-center\">&#x2714;&#xfe0f;TECNICATURAS EN TURISMO, GU\u00cdA DE TURISMO Y HOTELER\u00cdA: <a href=\"https:\/\/forms.gle\/YSZyurJ5dLDq4NWDA\">link formulario<\/a><\/p>\n\n\n\n<p class=\"has-text-align-center\">&#x2714;&#xfe0f; PROFESORADO DE MATEMATICA: <a href=\"https:\/\/docs.google.com\/forms\/d\/e\/1FAIpQLScP1k4xfjiPxd-CJ8-TxGFrmq9IQaGo3VdobUOiYGskWnAPew\/closedform\" data-type=\"URL\" data-id=\"https:\/\/docs.google.com\/forms\/d\/e\/1FAIpQLScP1k4xfjiPxd-CJ8-TxGFrmq9IQaGo3VdobUOiYGskWnAPew\/closedform\">link formulario<\/a><\/p>\n\n\n\n<p class=\"has-text-align-center has-medium-font-size\"><strong>Te esperamos!!!<\/strong><\/p>\n\n\n\n<p><\/p>\n\n\n\n<p><strong>Informaci\u00f3n importante: <\/strong><\/p>\n\n\n\n<p><strong>\u00bfC\u00f3mo se realiza la inscripci\u00f3n para Ingresantes 2026?<\/strong><\/p>\n\n\n\n<p>Hay dos etapas. La primera es una preinscripci\u00f3n virtual, en la que deber\u00e1s completar el formulario de la carrera en el link que se subir\u00e1 a esta p\u00e1gina los primeros d\u00edas de diciembre.<\/p>\n\n\n\n<p>La segunda etapa es presencial. Nos comunicaremos al correo de GMAIL que hayas declarado en el formulario para decirte qu\u00e9 d\u00eda ten\u00e9s que presentar la documentaci\u00f3n en formato papel.<\/p>\n\n\n\n<p><strong>\u00bfCu\u00e1ndo se realiza la inscripci\u00f3n?<\/strong><\/p>\n\n\n\n<p>A\u00fan no est\u00e1 la fecha de inscripci\u00f3n. Seguramente sea durante la primera semana de diciembre pero es a confirmar. Toda la informaci\u00f3n se brindar\u00e1 por esta p\u00e1gina. Recomendamos visitarla regularmente. <\/p>\n\n\n\n<p><strong>\u00bfQu\u00e9 documentaci\u00f3n tengo que presentar?<\/strong><\/p>\n\n\n\n<p>En la preinscripci\u00f3n, se te pedir\u00e1 foto de tu DNI (frente y dorso) y de tu T\u00edtulo Secundario, Constancia de T\u00edtulo en Tr\u00e1mite o de Alumno Regular del \u00faltimo a\u00f1o de escuela secundaria.<\/p>\n\n\n\n<p>En la segunda etapa de inscripci\u00f3n, adem\u00e1s del DNI y del T\u00edtulo, se pedir\u00e1 una planilla de inscripci\u00f3n y una ficha de salud, que te enviaremos por mail.<\/p>\n\n\n\n<p><strong>Es importante que el correo sea de GMAIL y de uso personal.<\/strong><\/p>\n\n\n\n<p><\/p>\n\n\n\n<p class=\"has-text-align-center\"><strong>&#x1f4da; Mas informaci\u00f3n de cada carrera<\/strong> &#x1f447;<\/p>\n\n\n<div class=\"wp-block-image\">\n<figure class=\"aligncenter size-full is-resized\"><img decoding=\"async\" loading=\"lazy\" src=\"https:\/\/isfd55-bue.infd.edu.ar\/sitio\/wp-content\/uploads\/2023\/10\/70ec8f6ab9a4fc2f2536429bdc2fbcde.png\" alt=\"\" class=\"wp-image-3535\" width=\"189\" height=\"189\" srcset=\"https:\/\/isfd55-bue.infd.edu.ar\/sitio\/wp-content\/uploads\/2023\/10\/70ec8f6ab9a4fc2f2536429bdc2fbcde.png 512w, https:\/\/isfd55-bue.infd.edu.ar\/sitio\/wp-content\/uploads\/2023\/10\/70ec8f6ab9a4fc2f2536429bdc2fbcde-500x500.png 500w\" sizes=\"(max-width: 189px) 100vw, 189px\" \/><\/figure><\/div>\n\n\n<div class=\"wp-block-columns are-vertically-aligned-top is-layout-flex wp-container-2\">\n<div class=\"wp-block-column is-vertically-aligned-top is-layout-flow\" style=\"flex-basis:100%\">\n<h2 class=\"wp-block-heading has-white-color has-vivid-green-cyan-background-color has-text-color has-background\"><a href=\"https:\/\/isfd55-bue.infd.edu.ar\/sitio\/profesorado-de-educacion-primaria\/\" data-type=\"URL\" data-id=\"https:\/\/isfd55-bue.infd.edu.ar\/sitio\/profesorado-de-educacion-primaria\/\"><span class=\"has-inline-color has-white-color\">PROFESORADO DE EDUCACI\u00d3N PRIMARIA<\/span><\/a><\/h2>\n\n\n\n<h2 class=\"wp-block-heading has-white-color has-vivid-cyan-blue-background-color has-text-color has-background\"><a href=\"https:\/\/isfd55-bue.infd.edu.ar\/sitio\/profesorado-de-educacion-inicial\/\" data-type=\"URL\" data-id=\"https:\/\/isfd55-bue.infd.edu.ar\/sitio\/profesorado-de-educacion-inicial\/\"><span class=\"has-inline-color has-white-color\">PROFESORADO DE EDUCACI\u00d3N INICIAL<\/span><\/a><\/h2>\n\n\n\n<h2 class=\"wp-block-heading has-white-color has-vivid-purple-background-color has-text-color has-background\"><a href=\"https:\/\/isfd55-bue.infd.edu.ar\/sitio\/profesorado-de-matematica\/\" data-type=\"URL\" data-id=\"https:\/\/isfd55-bue.infd.edu.ar\/sitio\/profesorado-de-matematica\/\"><span class=\"has-inline-color has-white-color\">PROFESORADO DE EDUCACI\u00d3N SECUNDARIA EN MATEM\u00c1TICA<\/span><\/a><\/h2>\n\n\n\n<h2 class=\"wp-block-heading has-white-color has-light-green-cyan-background-color has-text-color has-background\"><a href=\"https:\/\/isfd55-bue.infd.edu.ar\/sitio\/profesorado-de-ingles\/\" data-type=\"URL\" data-id=\"https:\/\/isfd55-bue.infd.edu.ar\/sitio\/profesorado-de-ingles\/\"><span class=\"has-inline-color has-white-color\">PROFESORADO DE INGL\u00c9S<\/span><\/a><\/h2>\n\n\n\n<h2 class=\"wp-block-heading has-white-color has-luminous-vivid-amber-background-color has-text-color has-background\"><a href=\"https:\/\/isfd55-bue.infd.edu.ar\/sitio\/tecnicatura-superior-en-guia-de-turismo\/\" data-type=\"URL\" data-id=\"https:\/\/isfd55-bue.infd.edu.ar\/sitio\/tecnicatura-superior-en-guia-de-turismo\/\"><span class=\"has-inline-color has-white-color\">TECNICATURA SUPERIOR EN GU\u00cdA DE TURISMO<\/span><\/a><\/h2>\n\n\n\n<h2 class=\"wp-block-heading has-white-color has-pale-pink-background-color has-text-color has-background\"><a href=\"https:\/\/isfd55-bue.infd.edu.ar\/sitio\/tecnicatura-superior-en-turismo\/\" data-type=\"URL\" data-id=\"https:\/\/isfd55-bue.infd.edu.ar\/sitio\/tecnicatura-superior-en-turismo\/\"><span class=\"has-inline-color has-white-color\">TECNICATURA SUPERIOR EN TURISMO<\/span><\/a><\/h2>\n\n\n\n<h2 class=\"wp-block-heading has-white-color has-vivid-red-background-color has-text-color has-background\"><a href=\"https:\/\/isfd55-bue.infd.edu.ar\/sitio\/1386-2\/\" data-type=\"URL\" data-id=\"https:\/\/isfd55-bue.infd.edu.ar\/sitio\/1386-2\/\"><mark style=\"background-color:rgba(0, 0, 0, 0)\" class=\"has-inline-color has-white-color\">TECNICATURA SUPERIOR EN MARKETING<\/mark><\/a><\/h2>\n\n\n\n<h2 class=\"wp-block-heading has-white-color has-text-color has-background\" style=\"background-color:#cd7e28\"><a href=\"https:\/\/isfd55-bue.infd.edu.ar\/sitio\/1392-2\/\" data-type=\"URL\" data-id=\"https:\/\/isfd55-bue.infd.edu.ar\/sitio\/1392-2\/\"><span class=\"has-inline-color has-white-color\">TECNICATURA SUPERIOR EN HOTELER\u00cdA<\/span><\/a><\/h2>\n<\/div>\n<\/div>\n\n\n\n<hr class=\"wp-block-separator has-alpha-channel-opacity\"\/>\n\n\n\n<p class=\"has-text-align-center\"><span style=\"font-family: tahoma, arial, helvetica, sans-serif; font-size: 10pt;\"><\/span><\/p>\n\n\n\n<h4 class=\"wp-block-heading has-text-align-center\">Acto de colaci\u00f3n de grado 25 de agosto de 2023<\/h4>\n\n\n<div class=\"wp-block-image\">\n<figure class=\"aligncenter\"><img decoding=\"async\" loading=\"lazy\" width=\"1000\" height=\"993\" src=\"https:\/\/isfd55-bue.infd.edu.ar\/sitio\/wp-content\/uploads\/2023\/08\/WhatsApp-Image-2023-08-30-at-19.26.10-1000x993.jpeg\" alt=\"\" class=\"wp-image-3505\" srcset=\"https:\/\/isfd55-bue.infd.edu.ar\/sitio\/wp-content\/uploads\/2023\/08\/WhatsApp-Image-2023-08-30-at-19.26.10-1000x993.jpeg 1000w, https:\/\/isfd55-bue.infd.edu.ar\/sitio\/wp-content\/uploads\/2023\/08\/WhatsApp-Image-2023-08-30-at-19.26.10-768x762.jpeg 768w, https:\/\/isfd55-bue.infd.edu.ar\/sitio\/wp-content\/uploads\/2023\/08\/WhatsApp-Image-2023-08-30-at-19.26.10.jpeg 1080w\" sizes=\"(max-width: 1000px) 100vw, 1000px\" \/><\/figure><\/div>\n\n\n<p>En un emotivo acto en el microestadio de Gar\u00edn se llev\u00f3 adelante el acto de colaci\u00f3n de m\u00e1s de 600 docentes y t\u00e9cnicos del Instituto Superior de Formaci\u00f3n Docente y T\u00e9cnica N\u00b055, que egresaron en:<\/p>\n\n\n\n<p>&#x1f393;Profesorado en Educaci\u00f3n Primaria<br>&#x1f393;Profesorado en Educaci\u00f3n Inicial<br>&#x1f393;Profesorado en Educaci\u00f3n Secundaria en Matem\u00e1tica<br>&#x1f393;Profesorado de Ingl\u00e9s<br>&#x1f393;T\u00e9cnico superior en Turismo y Gu\u00eda de Turismo<br>&#x1f393;T\u00e9cnico Superior en Administraci\u00f3n<br>&#x1f393;T\u00e9cnico Superior en Hoteler\u00eda.<\/p>\n\n\n\n<h5 class=\"wp-block-heading has-text-align-center\"><span class=\"fe5nidar khvhiq1o r5qsrrlp i5tg98hk f9ovudaz przvwfww gx1rr48f gfz4du6o r7fjleex nz2484kf svot0ezm dcnh1tix sxl192xd t3g6t33p\"><span class=\"mpj7bzys xzlurrtv\">&#x1f4f7;<\/span><\/span><a href=\"https:\/\/drive.google.com\/drive\/folders\/1OJwPA60Kevdg-Wd5Khiui90Ljd_fD-5Q?usp=sharing\">Aqu\u00ed las im\u00e1genes<\/a><\/h5>\n\n\n\n<hr class=\"wp-block-separator has-css-opacity\"\/>\n","protected":false},"excerpt":{"rendered":"<p>&nbsp;&nbsp; Instituto Superior de Formaci\u00f3n Docente y T\u00e9cnica N\u00ba55 1986-2026 40\u00b0 A\u00f1os de Educaci\u00f3n Superior en el Partido de Escobar, formando docentes y t\u00e9cnicos &#x1f4e3; &#x2757;Atenci\u00f3n Apertura 2026 de Nuevas Vacantes &#x2757;&#x1f4e3; Veni a estudiar al 55, inscribite ya ingresando a los links habilitados para: &#x2714;&#xfe0f;TECNICATURAS EN TURISMO, GU\u00cdA DE TURISMO Y HOTELER\u00cdA: link formulario &#8230; <a title=\"Inicio\" class=\"read-more\" href=\"https:\/\/isfd55-bue.infd.edu.ar\/sitio\/\" aria-label=\"More on Inicio\">[+]<\/a><\/p>\n","protected":false},"author":1,"featured_media":0,"parent":0,"menu_order":0,"comment_status":"closed","ping_status":"closed","template":"","meta":[],"acf":[],"_links":{"self":[{"href":"https:\/\/isfd55-bue.infd.edu.ar\/sitio\/wp-json\/wp\/v2\/pages\/286"}],"collection":[{"href":"https:\/\/isfd55-bue.infd.edu.ar\/sitio\/wp-json\/wp\/v2\/pages"}],"about":[{"href":"https:\/\/isfd55-bue.infd.edu.ar\/sitio\/wp-json\/wp\/v2\/types\/page"}],"author":[{"embeddable":true,"href":"https:\/\/isfd55-bue.infd.edu.ar\/sitio\/wp-json\/wp\/v2\/users\/1"}],"replies":[{"embeddable":true,"href":"https:\/\/isfd55-bue.infd.edu.ar\/sitio\/wp-json\/wp\/v2\/comments?post=286"}],"version-history":[{"count":584,"href":"https:\/\/isfd55-bue.infd.edu.ar\/sitio\/wp-json\/wp\/v2\/pages\/286\/revisions"}],"predecessor-version":[{"id":3716,"href":"https:\/\/isfd55-bue.infd.edu.ar\/sitio\/wp-json\/wp\/v2\/pages\/286\/revisions\/3716"}],"wp:attachment":[{"href":"https:\/\/isfd55-bue.infd.edu.ar\/sitio\/wp-json\/wp\/v2\/media?parent=286"}],"curies":[{"name":"wp","href":"https:\/\/api.w.org\/{rel}","templated":true}]}}